{"id":9067,"date":"2022-03-15T17:01:06","date_gmt":"2022-03-15T17:01:06","guid":{"rendered":"https:\/\/vegetalbioplant.com\/blog\/?page_id=9067"},"modified":"2022-03-15T17:01:06","modified_gmt":"2022-03-15T17:01:06","slug":"graines-gelato-marijuana","status":"publish","type":"page","link":"https:\/\/vegetalbioplant.com\/blog\/fr\/graines-gelato-marijuana\/","title":{"rendered":"GRAINES GELATO MARIJUANA &#8211; PARTY HARD"},"content":{"rendered":"<h2><img decoding=\"async\" loading=\"lazy\" class=\"alignnone size-full wp-image-10762\" src=\"https:\/\/vegetalbioplant.com\/blog\/wp-content\/uploads\/2022\/03\/gelato-seeds-weed-1.jpg\" alt=\"GRAINES GELATO MARIJUANA\" width=\"1000\" height=\"1119\" srcset=\"https:\/\/vegetalbioplant.com\/blog\/wp-content\/uploads\/2022\/03\/gelato-seeds-weed-1.jpg 1000w, https:\/\/vegetalbioplant.com\/blog\/wp-content\/uploads\/2022\/03\/gelato-seeds-weed-1-268x300.jpg 268w, https:\/\/vegetalbioplant.com\/blog\/wp-content\/uploads\/2022\/03\/gelato-seeds-weed-1-915x1024.jpg 915w, https:\/\/vegetalbioplant.com\/blog\/wp-content\/uploads\/2022\/03\/gelato-seeds-weed-1-768x859.jpg 768w, https:\/\/vegetalbioplant.com\/blog\/wp-content\/uploads\/2022\/03\/gelato-seeds-weed-1-610x683.jpg 610w, https:\/\/vegetalbioplant.com\/blog\/wp-content\/uploads\/2022\/03\/gelato-seeds-weed-1-150x168.jpg 150w\" sizes=\"(max-width: 1000px) 100vw, 1000px\" \/><\/h2>\n<h2>GRAINES GELATO MARIJUANA HYBRIDES<\/h2>\n<p>Party Hard de la famille des glaces,<strong> hybride \u00e0 floraison rapide<\/strong>, plante robuste avec des branches centrales vigoureuses, produit une grande quantit\u00e9 de r\u00e9sine, a un aspect spectaculaire.<\/p>\n<ul>\n<li>Autofloraison f\u00e9minis\u00e9e.<\/li>\n<li>Sativa pr\u00e9dominante.<\/li>\n<li>Crois\u00e9 avec les c\u00e9l\u00e8bres Girl Scout Cookies.<\/li>\n<li>Teneur en THC 20-25 %.<\/li>\n<li>contenu m\u00e9dicinal<\/li>\n<li>Taille moyenne, construction compacte<\/li>\n<li>Effet puissant. Recommand\u00e9 pour profiter de la nuit.<\/li>\n<\/ul>\n<h3>\nCULTIVER GELATO SEED PARTY HARD<\/h3>\n<p>De taille moyenne \u00e0 \u00e9lev\u00e9e, son ar\u00f4me est une combinaison de nuances sucr\u00e9es, citronn\u00e9es et m\u00eame fra\u00eeches, g\u00e9n\u00e9rant une nouvelle exp\u00e9rience pour ceux qui la d\u00e9couvrent.<\/p>\n<p>Graine de la famille des glaces, sa g\u00e9n\u00e9tique se croise avec les c\u00e9l\u00e8bres biscuits girl scout, caract\u00e9ris\u00e9s par une <strong>grande production de r\u00e9sine<\/strong>, pour les amateurs d&#8217;extractions c&#8217;est la plante id\u00e9ale.<\/p>\n<p><img decoding=\"async\" loading=\"lazy\" class=\"alignnone size-full wp-image-10761\" src=\"https:\/\/vegetalbioplant.com\/blog\/wp-content\/uploads\/2022\/03\/gelato-graines-marijuana-cannabis.jpg\" alt=\"gelato-graines-marijuana-cannabis\" width=\"1080\" height=\"864\" srcset=\"https:\/\/vegetalbioplant.com\/blog\/wp-content\/uploads\/2022\/03\/gelato-graines-marijuana-cannabis.jpg 1080w, https:\/\/vegetalbioplant.com\/blog\/wp-content\/uploads\/2022\/03\/gelato-graines-marijuana-cannabis-300x240.jpg 300w, https:\/\/vegetalbioplant.com\/blog\/wp-content\/uploads\/2022\/03\/gelato-graines-marijuana-cannabis-1024x819.jpg 1024w, https:\/\/vegetalbioplant.com\/blog\/wp-content\/uploads\/2022\/03\/gelato-graines-marijuana-cannabis-768x614.jpg 768w, https:\/\/vegetalbioplant.com\/blog\/wp-content\/uploads\/2022\/03\/gelato-graines-marijuana-cannabis-610x488.jpg 610w, https:\/\/vegetalbioplant.com\/blog\/wp-content\/uploads\/2022\/03\/gelato-graines-marijuana-cannabis-150x120.jpg 150w\" sizes=\"(max-width: 1080px) 100vw, 1080px\" \/><\/p>\n<h3>CULTIVER SES GRAINES DE GELATO PARTY HARD OUTDOORS<\/h3>\n<p>Pour faire <strong>pousser des graines de gelato \u00e0 l&#8217;ext\u00e9rieur<\/strong>, il est id\u00e9al pour les climats humides avec de la chaleur, les zones c\u00f4ti\u00e8res sont id\u00e9ales, o\u00f9 les sativas se d\u00e9veloppent mieux que les indicas.<\/p>\n<p>Il est grand en ext\u00e9rieur, on conna\u00eet des plantes qui font entre 2,5 et 3 m\u00e8tres de haut. Et avec une production \u00e9lev\u00e9e, comment pourrait-elle \u00eatre moindre. Atteindre 800 grammes par plante, dans des conditions optimales. R\u00e9colte en octobre.<\/p>\n<h3>CULTIVER DES GRAINES DE GELATO HYBRIDES EN INT\u00c9RIEUR<\/h3>\n<p>La <strong>culture en int\u00e9rieur de la graine de gelato<\/strong> aura un d\u00e9veloppement sativa typique, avec une distance dans les n\u0153uds des bras. Il est \u00e9galement recommand\u00e9 pour les cultures en filet.<\/p>\n<p>La phase de croissance doit \u00eatre prolong\u00e9e plus que d&#8217;habitude, afin que les bras se d\u00e9veloppent pleinement. Pour cela, l&#8217;<strong><a href=\"https:\/\/vegetalbioplant.com\/blog\/fr\/engrais-de-marijuana-guano-bat\/\">engrais guano de chauve-souris pour marijuana<\/a><\/strong> est le meilleur nutriment que vous puissiez lui donner, il vous aidera \u00e9galement \u00e0 la floraison. La r\u00e9colte peut atteindre 500 grammes par m2.<\/p>\n<a href='https:\/\/vegetalbioplant.com\/fr\/genetique\/85-party-hard-gelato-feminisee.html' class='big-button biggreen'>+ INFO<\/a>\n<span class=\"et_bloom_bottom_trigger\"><\/span>","protected":false},"excerpt":{"rendered":"<p>GRAINES GELATO MARIJUANA HYBRIDES Party Hard de la famille des glaces, hybride \u00e0 floraison rapide, plante robuste avec des branches centrales vigoureuses, produit une grande quantit\u00e9 de r\u00e9sine, a un aspect spectaculaire. Autofloraison f\u00e9minis\u00e9e. Sativa pr\u00e9dominante. Crois\u00e9 avec les c\u00e9l\u00e8bres Girl Scout Cookies. Teneur en THC 20-25 %. contenu m\u00e9dicinal Taille moyenne, construction compacte Effet [&hellip;]<\/p>\n","protected":false},"author":10,"featured_media":10760,"parent":0,"menu_order":0,"comment_status":"closed","ping_status":"closed","template":"","meta":{"_et_pb_use_builder":"","_et_pb_old_content":"","_et_gb_content_width":""},"yoast_head":"<!-- This site is optimized with the Yoast SEO plugin v20.9 - https:\/\/yoast.com\/wordpress\/plugins\/seo\/ -->\n<title>GRAINES GELATO MARIJUANA - PARTY HARD | MADAME GROW<\/title>\n<meta name=\"description\" content=\"Essayez les nouvelles graines gelato de Madame grow, Party hard, une vari\u00e9t\u00e9 f\u00e9minis\u00e9e avec une grande production.\" \/>\n<meta name=\"robots\" content=\"index, follow, max-snippet:-1, max-image-preview:large, max-video-preview:-1\" \/>\n<link rel=\"canonical\" href=\"https:\/\/vegetalbioplant.com\/blog\/fr\/graines-gelato-marijuana\/\" \/>\n<meta property=\"og:locale\" content=\"es_ES\" \/>\n<meta property=\"og:type\" content=\"article\" \/>\n<meta property=\"og:title\" content=\"GRAINES GELATO MARIJUANA - PARTY HARD | MADAME GROW\" \/>\n<meta property=\"og:description\" content=\"Essayez les nouvelles graines gelato de Madame grow, Party hard, une vari\u00e9t\u00e9 f\u00e9minis\u00e9e avec une grande production.\" \/>\n<meta property=\"og:url\" content=\"https:\/\/vegetalbioplant.com\/blog\/fr\/graines-gelato-marijuana\/\" \/>\n<meta property=\"og:site_name\" content=\"Blog de Madame Grow\" \/>\n<meta property=\"article:publisher\" content=\"https:\/\/www.facebook.com\/madamegroweu\/\" \/>\n<meta property=\"og:image\" content=\"https:\/\/vegetalbioplant.com\/blog\/wp-content\/uploads\/2022\/03\/BANQUE-DE-GRAINES-DE-MARIJUANA.jpg\" \/>\n\t<meta property=\"og:image:width\" content=\"749\" \/>\n\t<meta property=\"og:image:height\" content=\"758\" \/>\n\t<meta property=\"og:image:type\" content=\"image\/jpeg\" \/>\n<meta name=\"twitter:card\" content=\"summary_large_image\" \/>\n<meta name=\"twitter:site\" content=\"@madamegroweu\" \/>\n<meta name=\"twitter:label1\" content=\"Tiempo de lectura\" \/>\n\t<meta name=\"twitter:data1\" content=\"2 minutos\" \/>\n<script type=\"application\/ld+json\" class=\"yoast-schema-graph\">{\"@context\":\"https:\/\/schema.org\",\"@graph\":[{\"@type\":\"WebPage\",\"@id\":\"https:\/\/vegetalbioplant.com\/blog\/fr\/graines-gelato-marijuana\/\",\"url\":\"https:\/\/vegetalbioplant.com\/blog\/fr\/graines-gelato-marijuana\/\",\"name\":\"GRAINES GELATO MARIJUANA - PARTY HARD | MADAME GROW\",\"isPartOf\":{\"@id\":\"https:\/\/vegetalbioplant.com\/blog\/#website\"},\"datePublished\":\"2022-03-15T17:01:06+00:00\",\"dateModified\":\"2022-03-15T17:01:06+00:00\",\"description\":\"Essayez les nouvelles graines gelato de Madame grow, Party hard, une vari\u00e9t\u00e9 f\u00e9minis\u00e9e avec une grande production.\",\"breadcrumb\":{\"@id\":\"https:\/\/vegetalbioplant.com\/blog\/fr\/graines-gelato-marijuana\/#breadcrumb\"},\"inLanguage\":\"es\",\"potentialAction\":[{\"@type\":\"ReadAction\",\"target\":[\"https:\/\/vegetalbioplant.com\/blog\/fr\/graines-gelato-marijuana\/\"]}]},{\"@type\":\"BreadcrumbList\",\"@id\":\"https:\/\/vegetalbioplant.com\/blog\/fr\/graines-gelato-marijuana\/#breadcrumb\",\"itemListElement\":[{\"@type\":\"ListItem\",\"position\":1,\"name\":\"Portada\",\"item\":\"https:\/\/vegetalbioplant.com\/blog\/es\/\"},{\"@type\":\"ListItem\",\"position\":2,\"name\":\"GRAINES GELATO MARIJUANA &#8211; PARTY HARD\"}]},{\"@type\":\"WebSite\",\"@id\":\"https:\/\/vegetalbioplant.com\/blog\/#website\",\"url\":\"https:\/\/vegetalbioplant.com\/blog\/\",\"name\":\"Blog de Madame Grow\",\"description\":\"El mejor contenido para los amantes de las plantas\",\"publisher\":{\"@id\":\"https:\/\/vegetalbioplant.com\/blog\/#organization\"},\"potentialAction\":[{\"@type\":\"SearchAction\",\"target\":{\"@type\":\"EntryPoint\",\"urlTemplate\":\"https:\/\/vegetalbioplant.com\/blog\/?s={search_term_string}\"},\"query-input\":\"required name=search_term_string\"}],\"inLanguage\":\"es\"},{\"@type\":\"Organization\",\"@id\":\"https:\/\/vegetalbioplant.com\/blog\/#organization\",\"name\":\"Madame Grow\",\"url\":\"https:\/\/vegetalbioplant.com\/blog\/\",\"logo\":{\"@type\":\"ImageObject\",\"inLanguage\":\"es\",\"@id\":\"https:\/\/vegetalbioplant.com\/blog\/#\/schema\/logo\/image\/\",\"url\":\"https:\/\/vegetalbioplant.com\/blog\/wp-content\/uploads\/2021\/04\/LOGO-MANCHA-1.png\",\"contentUrl\":\"https:\/\/vegetalbioplant.com\/blog\/wp-content\/uploads\/2021\/04\/LOGO-MANCHA-1.png\",\"width\":899,\"height\":294,\"caption\":\"Madame Grow\"},\"image\":{\"@id\":\"https:\/\/vegetalbioplant.com\/blog\/#\/schema\/logo\/image\/\"},\"sameAs\":[\"https:\/\/www.facebook.com\/madamegroweu\/\",\"https:\/\/twitter.com\/madamegroweu\",\"https:\/\/www.instagram.com\/madamegroweu\/?hl=es\"]}]}<\/script>\n<!-- \/ Yoast SEO plugin. -->","yoast_head_json":{"title":"GRAINES GELATO MARIJUANA - PARTY HARD | MADAME GROW","description":"Essayez les nouvelles graines gelato de Madame grow, Party hard, une vari\u00e9t\u00e9 f\u00e9minis\u00e9e avec une grande production.","robots":{"index":"index","follow":"follow","max-snippet":"max-snippet:-1","max-image-preview":"max-image-preview:large","max-video-preview":"max-video-preview:-1"},"canonical":"https:\/\/vegetalbioplant.com\/blog\/fr\/graines-gelato-marijuana\/","og_locale":"es_ES","og_type":"article","og_title":"GRAINES GELATO MARIJUANA - PARTY HARD | MADAME GROW","og_description":"Essayez les nouvelles graines gelato de Madame grow, Party hard, une vari\u00e9t\u00e9 f\u00e9minis\u00e9e avec une grande production.","og_url":"https:\/\/vegetalbioplant.com\/blog\/fr\/graines-gelato-marijuana\/","og_site_name":"Blog de Madame Grow","article_publisher":"https:\/\/www.facebook.com\/madamegroweu\/","og_image":[{"width":749,"height":758,"url":"https:\/\/vegetalbioplant.com\/blog\/wp-content\/uploads\/2022\/03\/BANQUE-DE-GRAINES-DE-MARIJUANA.jpg","type":"image\/jpeg"}],"twitter_card":"summary_large_image","twitter_site":"@madamegroweu","twitter_misc":{"Tiempo de lectura":"2 minutos"},"schema":{"@context":"https:\/\/schema.org","@graph":[{"@type":"WebPage","@id":"https:\/\/vegetalbioplant.com\/blog\/fr\/graines-gelato-marijuana\/","url":"https:\/\/vegetalbioplant.com\/blog\/fr\/graines-gelato-marijuana\/","name":"GRAINES GELATO MARIJUANA - PARTY HARD | MADAME GROW","isPartOf":{"@id":"https:\/\/vegetalbioplant.com\/blog\/#website"},"datePublished":"2022-03-15T17:01:06+00:00","dateModified":"2022-03-15T17:01:06+00:00","description":"Essayez les nouvelles graines gelato de Madame grow, Party hard, une vari\u00e9t\u00e9 f\u00e9minis\u00e9e avec une grande production.","breadcrumb":{"@id":"https:\/\/vegetalbioplant.com\/blog\/fr\/graines-gelato-marijuana\/#breadcrumb"},"inLanguage":"es","potentialAction":[{"@type":"ReadAction","target":["https:\/\/vegetalbioplant.com\/blog\/fr\/graines-gelato-marijuana\/"]}]},{"@type":"BreadcrumbList","@id":"https:\/\/vegetalbioplant.com\/blog\/fr\/graines-gelato-marijuana\/#breadcrumb","itemListElement":[{"@type":"ListItem","position":1,"name":"Portada","item":"https:\/\/vegetalbioplant.com\/blog\/es\/"},{"@type":"ListItem","position":2,"name":"GRAINES GELATO MARIJUANA &#8211; PARTY HARD"}]},{"@type":"WebSite","@id":"https:\/\/vegetalbioplant.com\/blog\/#website","url":"https:\/\/vegetalbioplant.com\/blog\/","name":"Blog de Madame Grow","description":"El mejor contenido para los amantes de las plantas","publisher":{"@id":"https:\/\/vegetalbioplant.com\/blog\/#organization"},"potentialAction":[{"@type":"SearchAction","target":{"@type":"EntryPoint","urlTemplate":"https:\/\/vegetalbioplant.com\/blog\/?s={search_term_string}"},"query-input":"required name=search_term_string"}],"inLanguage":"es"},{"@type":"Organization","@id":"https:\/\/vegetalbioplant.com\/blog\/#organization","name":"Madame Grow","url":"https:\/\/vegetalbioplant.com\/blog\/","logo":{"@type":"ImageObject","inLanguage":"es","@id":"https:\/\/vegetalbioplant.com\/blog\/#\/schema\/logo\/image\/","url":"https:\/\/vegetalbioplant.com\/blog\/wp-content\/uploads\/2021\/04\/LOGO-MANCHA-1.png","contentUrl":"https:\/\/vegetalbioplant.com\/blog\/wp-content\/uploads\/2021\/04\/LOGO-MANCHA-1.png","width":899,"height":294,"caption":"Madame Grow"},"image":{"@id":"https:\/\/vegetalbioplant.com\/blog\/#\/schema\/logo\/image\/"},"sameAs":["https:\/\/www.facebook.com\/madamegroweu\/","https:\/\/twitter.com\/madamegroweu","https:\/\/www.instagram.com\/madamegroweu\/?hl=es"]}]}},"_links":{"self":[{"href":"https:\/\/vegetalbioplant.com\/blog\/wp-json\/wp\/v2\/pages\/9067"}],"collection":[{"href":"https:\/\/vegetalbioplant.com\/blog\/wp-json\/wp\/v2\/pages"}],"about":[{"href":"https:\/\/vegetalbioplant.com\/blog\/wp-json\/wp\/v2\/types\/page"}],"author":[{"embeddable":true,"href":"https:\/\/vegetalbioplant.com\/blog\/wp-json\/wp\/v2\/users\/10"}],"replies":[{"embeddable":true,"href":"https:\/\/vegetalbioplant.com\/blog\/wp-json\/wp\/v2\/comments?post=9067"}],"version-history":[{"count":3,"href":"https:\/\/vegetalbioplant.com\/blog\/wp-json\/wp\/v2\/pages\/9067\/revisions"}],"predecessor-version":[{"id":10763,"href":"https:\/\/vegetalbioplant.com\/blog\/wp-json\/wp\/v2\/pages\/9067\/revisions\/10763"}],"wp:featuredmedia":[{"embeddable":true,"href":"https:\/\/vegetalbioplant.com\/blog\/wp-json\/wp\/v2\/media\/10760"}],"wp:attachment":[{"href":"https:\/\/vegetalbioplant.com\/blog\/wp-json\/wp\/v2\/media?parent=9067"}],"curies":[{"name":"wp","href":"https:\/\/api.w.org\/{rel}","templated":true}]}}