{"id":10711,"date":"2022-03-15T08:38:24","date_gmt":"2022-03-15T08:38:24","guid":{"rendered":"https:\/\/vegetalbioplant.com\/blog\/?page_id=10711"},"modified":"2022-03-15T08:38:24","modified_gmt":"2022-03-15T08:38:24","slug":"meilleures-graines-a-autofloraison-resin-devil","status":"publish","type":"page","link":"https:\/\/vegetalbioplant.com\/blog\/fr\/meilleures-graines-a-autofloraison-resin-devil\/","title":{"rendered":"MEILLEURES GRAINES \u00c0 AUTOFLORAISON &#8211; RESIN DEVIL"},"content":{"rendered":"<p><img decoding=\"async\" loading=\"lazy\" class=\"alignnone size-full wp-image-10712\" src=\"https:\/\/vegetalbioplant.com\/blog\/wp-content\/uploads\/2022\/03\/MEILLEURES-GRAINES-A-AUTOFLORAISON.jpg\" alt=\"MEILLEURES GRAINES \u00c0 AUTOFLORAISON\" width=\"1000\" height=\"1119\" srcset=\"https:\/\/vegetalbioplant.com\/blog\/wp-content\/uploads\/2022\/03\/MEILLEURES-GRAINES-A-AUTOFLORAISON.jpg 1000w, https:\/\/vegetalbioplant.com\/blog\/wp-content\/uploads\/2022\/03\/MEILLEURES-GRAINES-A-AUTOFLORAISON-268x300.jpg 268w, https:\/\/vegetalbioplant.com\/blog\/wp-content\/uploads\/2022\/03\/MEILLEURES-GRAINES-A-AUTOFLORAISON-915x1024.jpg 915w, https:\/\/vegetalbioplant.com\/blog\/wp-content\/uploads\/2022\/03\/MEILLEURES-GRAINES-A-AUTOFLORAISON-768x859.jpg 768w, https:\/\/vegetalbioplant.com\/blog\/wp-content\/uploads\/2022\/03\/MEILLEURES-GRAINES-A-AUTOFLORAISON-610x683.jpg 610w, https:\/\/vegetalbioplant.com\/blog\/wp-content\/uploads\/2022\/03\/MEILLEURES-GRAINES-A-AUTOFLORAISON-150x168.jpg 150w\" sizes=\"(max-width: 1000px) 100vw, 1000px\" \/><\/p>\n<h2>LES MEILLEURES GRAINES \u00c0 AUTOFLORAISON POUR L&#8217;EXTRACTION DE HASH<\/h2>\n<p>Resin Devil est l&#8217;une des <strong>meilleures graines \u00e0 autofloraison avec une pr\u00e9dominance indica<\/strong> et des effets totalement relaxants. Grande production avec une saveur intense, quantit\u00e9 extr\u00eame de r\u00e9sine. Recommand\u00e9 pour l&#8217;extraction du haschisch.<\/p>\n<ul>\n<li>Autofloraison f\u00e9minis\u00e9e.<\/li>\n<li>Pr\u00e9dominance indique.<\/li>\n<li>Crois\u00e9 avec la g\u00e9n\u00e9tique d&#8217;\u00e9lite ICE COOL.<\/li>\n<li>Terp\u00e8nes d&#8217;agrumes, ar\u00f4me doux et intense.<\/li>\n<li>Effet fort et relaxant.<\/li>\n<li>contenu m\u00e9dicinal.<\/li>\n<li>Saveur d&#8217;agrumes avec une touche de mandarine.<\/li>\n<li>Grande plante, avec une excellente production de bourgeons.<\/li>\n<\/ul>\n<h3>\nCULTIVEZ L&#8217;UNE DES MEILLEURES GRAINES \u00c0 AUTOFLORAISON RESIN DEVIL<\/h3>\n<p><strong>Graine autofloraison tr\u00e8s productive<\/strong>, la forme de ses bourgeons est grande, tr\u00e8s compacte et charg\u00e9e de r\u00e9sine cristallis\u00e9e au <strong>go\u00fbt de mandarine.<\/strong><\/p>\n<p>En fin de floraison, la plante prend g\u00e9n\u00e9ralement des tons rouge\u00e2tres et violets, ce qui les rend tr\u00e8s belles pour le cultivateur. L&#8217;une des <strong>meilleures souches pour l&#8217;extraction du haschisch.<\/strong><\/p>\n<p><img decoding=\"async\" loading=\"lazy\" class=\"alignnone size-full wp-image-10713\" src=\"https:\/\/vegetalbioplant.com\/blog\/wp-content\/uploads\/2022\/03\/MEILLEURES-GRAINES-DE-MARIJUANA-A-AUTOFLORAISON.jpg\" alt=\"MEILLEURES GRAINES DE MARIJUANA \u00c0 AUTOFLORAISON\" width=\"1080\" height=\"864\" srcset=\"https:\/\/vegetalbioplant.com\/blog\/wp-content\/uploads\/2022\/03\/MEILLEURES-GRAINES-DE-MARIJUANA-A-AUTOFLORAISON.jpg 1080w, https:\/\/vegetalbioplant.com\/blog\/wp-content\/uploads\/2022\/03\/MEILLEURES-GRAINES-DE-MARIJUANA-A-AUTOFLORAISON-300x240.jpg 300w, https:\/\/vegetalbioplant.com\/blog\/wp-content\/uploads\/2022\/03\/MEILLEURES-GRAINES-DE-MARIJUANA-A-AUTOFLORAISON-1024x819.jpg 1024w, https:\/\/vegetalbioplant.com\/blog\/wp-content\/uploads\/2022\/03\/MEILLEURES-GRAINES-DE-MARIJUANA-A-AUTOFLORAISON-768x614.jpg 768w, https:\/\/vegetalbioplant.com\/blog\/wp-content\/uploads\/2022\/03\/MEILLEURES-GRAINES-DE-MARIJUANA-A-AUTOFLORAISON-610x488.jpg 610w, https:\/\/vegetalbioplant.com\/blog\/wp-content\/uploads\/2022\/03\/MEILLEURES-GRAINES-DE-MARIJUANA-A-AUTOFLORAISON-150x120.jpg 150w\" sizes=\"(max-width: 1080px) 100vw, 1080px\" \/><\/p>\n<h3>CULTIVER DES GRAINES \u00c0 AUTOFLORAISON RESIN DEVIL EN EXT\u00c9RIEUR<\/h3>\n<p>Cultiver l&#8217;une des<strong> meilleures graines \u00e0 autofloraison<\/strong> en ext\u00e9rieur est un avantage car il s&#8217;agit d&#8217;une grande vari\u00e9t\u00e9, pouvant d\u00e9passer 2 m chez certains sp\u00e9cimens. Sa floraison dure g\u00e9n\u00e9ralement environ 9 semaines \u00e0 partir de sa germination.<\/p>\n<p>La floraison est tr\u00e8s frappante, car les bourgeons sont tr\u00e8s denses et dans de nombreuses parties de la plante, la tige n&#8217;est pas visible. Pour un cultivateur qui veut une grosse r\u00e9colte, cette vari\u00e9t\u00e9 est id\u00e9ale. La plantation est g\u00e9n\u00e9ralement feuillue, ce qui donne lieu \u00e0 une <strong>production abondante et plus rentable.<\/strong><\/p>\n<h3>CULTIVEZ L&#8217;UNE DES MEILLEURES GRAINES DE MARIJUANA AUTO \u00c0 L&#8217;INT\u00c9RIEUR<\/h3>\n<p>Pour avoir une bonne culture en int\u00e9rieur, avec Resin Devil, l&#8217;une des <strong>meilleures graines auto<\/strong> pour l&#8217;extraction de r\u00e9sine, nous vous <strong>recommandons de respecter les conditions d&#8217;humidit\u00e9, d&#8217;irrigation et de temp\u00e9rature<\/strong>, de cette mani\u00e8re la souche autofloraison pourra obtenir le meilleur d\u00e9veloppement possible. Cette vari\u00e9t\u00e9 est tr\u00e8s reconnaissante, n&#8217;arrosez pas beaucoup au d\u00e9but et placez-la dans un endroit sec, plus il y a d&#8217;heures, mieux c&#8217;est.<\/p>\n<p>La hauteur moyenne qu&#8217;il a habituellement \u00e0 l&#8217;int\u00e9rieur est de 1 m, pendant sa croissance, il d\u00e9gage un ar\u00f4me exquis, et une fois r\u00e9colt\u00e9, il ne perd pas le reste des propri\u00e9t\u00e9s qu&#8217;il a par nature.<\/p>\n<p>Production de 150g par plante env. Avec des conditions optimales pour l&#8217;int\u00e9rieur, la temp\u00e9rature et l&#8217;humidit\u00e9. Nous recommandons un bon pot, avec un substrat de qualit\u00e9 et, bien s\u00fbr, le <strong><a href=\"https:\/\/vegetalbioplant.com\/blog\/fr\/meilleur-stimulateur-de-racines\/\">meilleur engrais organique pour la croissance et les racines<\/a><\/strong>, pour avoir une bonne base racinaire et pour que la plante ait une croissance v\u00e9g\u00e9tative imbattable.<\/p>\n<a href='https:\/\/vegetalbioplant.com\/fr\/genetique\/84-resin-devil-autofloraison.html' class='big-button biggreen'>+ INFO<\/a>\n<span class=\"et_bloom_bottom_trigger\"><\/span>","protected":false},"excerpt":{"rendered":"<p>LES MEILLEURES GRAINES \u00c0 AUTOFLORAISON POUR L&#8217;EXTRACTION DE HASH Resin Devil est l&#8217;une des meilleures graines \u00e0 autofloraison avec une pr\u00e9dominance indica et des effets totalement relaxants. Grande production avec une saveur intense, quantit\u00e9 extr\u00eame de r\u00e9sine. Recommand\u00e9 pour l&#8217;extraction du haschisch. Autofloraison f\u00e9minis\u00e9e. Pr\u00e9dominance indique. Crois\u00e9 avec la g\u00e9n\u00e9tique d&#8217;\u00e9lite ICE COOL. Terp\u00e8nes d&#8217;agrumes, [&hellip;]<\/p>\n","protected":false},"author":14,"featured_media":10245,"parent":0,"menu_order":0,"comment_status":"closed","ping_status":"closed","template":"","meta":{"_et_pb_use_builder":"","_et_pb_old_content":"","_et_gb_content_width":""},"yoast_head":"<!-- This site is optimized with the Yoast SEO plugin v20.9 - https:\/\/yoast.com\/wordpress\/plugins\/seo\/ -->\n<title>MEILLEURES GRAINES \u00c0 AUTOFLORAISON - RESIN DEVIL<\/title>\n<meta name=\"description\" content=\"Une des meilleures graines \u00e0 autofloraison, Resin Devil \u00e0 pr\u00e9dominance indica et effets relaxants.Grande production, saveur intense, r\u00e9sine extr\u00eame.\" \/>\n<meta name=\"robots\" content=\"index, follow, max-snippet:-1, max-image-preview:large, max-video-preview:-1\" \/>\n<link rel=\"canonical\" href=\"https:\/\/vegetalbioplant.com\/blog\/fr\/meilleures-graines-a-autofloraison-resin-devil\/\" \/>\n<meta property=\"og:locale\" content=\"es_ES\" \/>\n<meta property=\"og:type\" content=\"article\" \/>\n<meta property=\"og:title\" content=\"MEILLEURES GRAINES \u00c0 AUTOFLORAISON - RESIN DEVIL\" \/>\n<meta property=\"og:description\" content=\"Une des meilleures graines \u00e0 autofloraison, Resin Devil \u00e0 pr\u00e9dominance indica et effets relaxants.Grande production, saveur intense, r\u00e9sine extr\u00eame.\" \/>\n<meta property=\"og:url\" content=\"https:\/\/vegetalbioplant.com\/blog\/fr\/meilleures-graines-a-autofloraison-resin-devil\/\" \/>\n<meta property=\"og:site_name\" content=\"Blog de Madame Grow\" \/>\n<meta property=\"article:publisher\" content=\"https:\/\/www.facebook.com\/madamegroweu\/\" \/>\n<meta property=\"og:image\" content=\"https:\/\/vegetalbioplant.com\/blog\/wp-content\/uploads\/2022\/03\/banco-de-semillas-de-marihuana.jpg\" \/>\n\t<meta property=\"og:image:width\" content=\"749\" \/>\n\t<meta property=\"og:image:height\" content=\"758\" \/>\n\t<meta property=\"og:image:type\" content=\"image\/jpeg\" \/>\n<meta name=\"twitter:card\" content=\"summary_large_image\" \/>\n<meta name=\"twitter:site\" content=\"@madamegroweu\" \/>\n<meta name=\"twitter:label1\" content=\"Tiempo de lectura\" \/>\n\t<meta name=\"twitter:data1\" content=\"3 minutos\" \/>\n<script type=\"application\/ld+json\" class=\"yoast-schema-graph\">{\"@context\":\"https:\/\/schema.org\",\"@graph\":[{\"@type\":\"WebPage\",\"@id\":\"https:\/\/vegetalbioplant.com\/blog\/fr\/meilleures-graines-a-autofloraison-resin-devil\/\",\"url\":\"https:\/\/vegetalbioplant.com\/blog\/fr\/meilleures-graines-a-autofloraison-resin-devil\/\",\"name\":\"MEILLEURES GRAINES \u00c0 AUTOFLORAISON - RESIN DEVIL\",\"isPartOf\":{\"@id\":\"https:\/\/vegetalbioplant.com\/blog\/#website\"},\"datePublished\":\"2022-03-15T08:38:24+00:00\",\"dateModified\":\"2022-03-15T08:38:24+00:00\",\"description\":\"Une des meilleures graines \u00e0 autofloraison, Resin Devil \u00e0 pr\u00e9dominance indica et effets relaxants.Grande production, saveur intense, r\u00e9sine extr\u00eame.\",\"breadcrumb\":{\"@id\":\"https:\/\/vegetalbioplant.com\/blog\/fr\/meilleures-graines-a-autofloraison-resin-devil\/#breadcrumb\"},\"inLanguage\":\"es\",\"potentialAction\":[{\"@type\":\"ReadAction\",\"target\":[\"https:\/\/vegetalbioplant.com\/blog\/fr\/meilleures-graines-a-autofloraison-resin-devil\/\"]}]},{\"@type\":\"BreadcrumbList\",\"@id\":\"https:\/\/vegetalbioplant.com\/blog\/fr\/meilleures-graines-a-autofloraison-resin-devil\/#breadcrumb\",\"itemListElement\":[{\"@type\":\"ListItem\",\"position\":1,\"name\":\"Portada\",\"item\":\"https:\/\/vegetalbioplant.com\/blog\/es\/\"},{\"@type\":\"ListItem\",\"position\":2,\"name\":\"MEILLEURES GRAINES \u00c0 AUTOFLORAISON &#8211; RESIN DEVIL\"}]},{\"@type\":\"WebSite\",\"@id\":\"https:\/\/vegetalbioplant.com\/blog\/#website\",\"url\":\"https:\/\/vegetalbioplant.com\/blog\/\",\"name\":\"Blog de Madame Grow\",\"description\":\"El mejor contenido para los amantes de las plantas\",\"publisher\":{\"@id\":\"https:\/\/vegetalbioplant.com\/blog\/#organization\"},\"potentialAction\":[{\"@type\":\"SearchAction\",\"target\":{\"@type\":\"EntryPoint\",\"urlTemplate\":\"https:\/\/vegetalbioplant.com\/blog\/?s={search_term_string}\"},\"query-input\":\"required name=search_term_string\"}],\"inLanguage\":\"es\"},{\"@type\":\"Organization\",\"@id\":\"https:\/\/vegetalbioplant.com\/blog\/#organization\",\"name\":\"Madame Grow\",\"url\":\"https:\/\/vegetalbioplant.com\/blog\/\",\"logo\":{\"@type\":\"ImageObject\",\"inLanguage\":\"es\",\"@id\":\"https:\/\/vegetalbioplant.com\/blog\/#\/schema\/logo\/image\/\",\"url\":\"https:\/\/vegetalbioplant.com\/blog\/wp-content\/uploads\/2021\/04\/LOGO-MANCHA-1.png\",\"contentUrl\":\"https:\/\/vegetalbioplant.com\/blog\/wp-content\/uploads\/2021\/04\/LOGO-MANCHA-1.png\",\"width\":899,\"height\":294,\"caption\":\"Madame Grow\"},\"image\":{\"@id\":\"https:\/\/vegetalbioplant.com\/blog\/#\/schema\/logo\/image\/\"},\"sameAs\":[\"https:\/\/www.facebook.com\/madamegroweu\/\",\"https:\/\/twitter.com\/madamegroweu\",\"https:\/\/www.instagram.com\/madamegroweu\/?hl=es\"]}]}<\/script>\n<!-- \/ Yoast SEO plugin. -->","yoast_head_json":{"title":"MEILLEURES GRAINES \u00c0 AUTOFLORAISON - RESIN DEVIL","description":"Une des meilleures graines \u00e0 autofloraison, Resin Devil \u00e0 pr\u00e9dominance indica et effets relaxants.Grande production, saveur intense, r\u00e9sine extr\u00eame.","robots":{"index":"index","follow":"follow","max-snippet":"max-snippet:-1","max-image-preview":"max-image-preview:large","max-video-preview":"max-video-preview:-1"},"canonical":"https:\/\/vegetalbioplant.com\/blog\/fr\/meilleures-graines-a-autofloraison-resin-devil\/","og_locale":"es_ES","og_type":"article","og_title":"MEILLEURES GRAINES \u00c0 AUTOFLORAISON - RESIN DEVIL","og_description":"Une des meilleures graines \u00e0 autofloraison, Resin Devil \u00e0 pr\u00e9dominance indica et effets relaxants.Grande production, saveur intense, r\u00e9sine extr\u00eame.","og_url":"https:\/\/vegetalbioplant.com\/blog\/fr\/meilleures-graines-a-autofloraison-resin-devil\/","og_site_name":"Blog de Madame Grow","article_publisher":"https:\/\/www.facebook.com\/madamegroweu\/","og_image":[{"width":749,"height":758,"url":"https:\/\/vegetalbioplant.com\/blog\/wp-content\/uploads\/2022\/03\/banco-de-semillas-de-marihuana.jpg","type":"image\/jpeg"}],"twitter_card":"summary_large_image","twitter_site":"@madamegroweu","twitter_misc":{"Tiempo de lectura":"3 minutos"},"schema":{"@context":"https:\/\/schema.org","@graph":[{"@type":"WebPage","@id":"https:\/\/vegetalbioplant.com\/blog\/fr\/meilleures-graines-a-autofloraison-resin-devil\/","url":"https:\/\/vegetalbioplant.com\/blog\/fr\/meilleures-graines-a-autofloraison-resin-devil\/","name":"MEILLEURES GRAINES \u00c0 AUTOFLORAISON - RESIN DEVIL","isPartOf":{"@id":"https:\/\/vegetalbioplant.com\/blog\/#website"},"datePublished":"2022-03-15T08:38:24+00:00","dateModified":"2022-03-15T08:38:24+00:00","description":"Une des meilleures graines \u00e0 autofloraison, Resin Devil \u00e0 pr\u00e9dominance indica et effets relaxants.Grande production, saveur intense, r\u00e9sine extr\u00eame.","breadcrumb":{"@id":"https:\/\/vegetalbioplant.com\/blog\/fr\/meilleures-graines-a-autofloraison-resin-devil\/#breadcrumb"},"inLanguage":"es","potentialAction":[{"@type":"ReadAction","target":["https:\/\/vegetalbioplant.com\/blog\/fr\/meilleures-graines-a-autofloraison-resin-devil\/"]}]},{"@type":"BreadcrumbList","@id":"https:\/\/vegetalbioplant.com\/blog\/fr\/meilleures-graines-a-autofloraison-resin-devil\/#breadcrumb","itemListElement":[{"@type":"ListItem","position":1,"name":"Portada","item":"https:\/\/vegetalbioplant.com\/blog\/es\/"},{"@type":"ListItem","position":2,"name":"MEILLEURES GRAINES \u00c0 AUTOFLORAISON &#8211; RESIN DEVIL"}]},{"@type":"WebSite","@id":"https:\/\/vegetalbioplant.com\/blog\/#website","url":"https:\/\/vegetalbioplant.com\/blog\/","name":"Blog de Madame Grow","description":"El mejor contenido para los amantes de las plantas","publisher":{"@id":"https:\/\/vegetalbioplant.com\/blog\/#organization"},"potentialAction":[{"@type":"SearchAction","target":{"@type":"EntryPoint","urlTemplate":"https:\/\/vegetalbioplant.com\/blog\/?s={search_term_string}"},"query-input":"required name=search_term_string"}],"inLanguage":"es"},{"@type":"Organization","@id":"https:\/\/vegetalbioplant.com\/blog\/#organization","name":"Madame Grow","url":"https:\/\/vegetalbioplant.com\/blog\/","logo":{"@type":"ImageObject","inLanguage":"es","@id":"https:\/\/vegetalbioplant.com\/blog\/#\/schema\/logo\/image\/","url":"https:\/\/vegetalbioplant.com\/blog\/wp-content\/uploads\/2021\/04\/LOGO-MANCHA-1.png","contentUrl":"https:\/\/vegetalbioplant.com\/blog\/wp-content\/uploads\/2021\/04\/LOGO-MANCHA-1.png","width":899,"height":294,"caption":"Madame Grow"},"image":{"@id":"https:\/\/vegetalbioplant.com\/blog\/#\/schema\/logo\/image\/"},"sameAs":["https:\/\/www.facebook.com\/madamegroweu\/","https:\/\/twitter.com\/madamegroweu","https:\/\/www.instagram.com\/madamegroweu\/?hl=es"]}]}},"_links":{"self":[{"href":"https:\/\/vegetalbioplant.com\/blog\/wp-json\/wp\/v2\/pages\/10711"}],"collection":[{"href":"https:\/\/vegetalbioplant.com\/blog\/wp-json\/wp\/v2\/pages"}],"about":[{"href":"https:\/\/vegetalbioplant.com\/blog\/wp-json\/wp\/v2\/types\/page"}],"author":[{"embeddable":true,"href":"https:\/\/vegetalbioplant.com\/blog\/wp-json\/wp\/v2\/users\/14"}],"replies":[{"embeddable":true,"href":"https:\/\/vegetalbioplant.com\/blog\/wp-json\/wp\/v2\/comments?post=10711"}],"version-history":[{"count":1,"href":"https:\/\/vegetalbioplant.com\/blog\/wp-json\/wp\/v2\/pages\/10711\/revisions"}],"predecessor-version":[{"id":10714,"href":"https:\/\/vegetalbioplant.com\/blog\/wp-json\/wp\/v2\/pages\/10711\/revisions\/10714"}],"wp:featuredmedia":[{"embeddable":true,"href":"https:\/\/vegetalbioplant.com\/blog\/wp-json\/wp\/v2\/media\/10245"}],"wp:attachment":[{"href":"https:\/\/vegetalbioplant.com\/blog\/wp-json\/wp\/v2\/media?parent=10711"}],"curies":[{"name":"wp","href":"https:\/\/api.w.org\/{rel}","templated":true}]}}