{"id":10664,"date":"2022-03-14T16:51:54","date_gmt":"2022-03-14T16:51:54","guid":{"rendered":"https:\/\/vegetalbioplant.com\/blog\/?page_id=10664"},"modified":"2022-03-14T16:51:54","modified_gmt":"2022-03-14T16:51:54","slug":"mitical-haze-graines-a-autofloraison-exterieur-interieur","status":"publish","type":"page","link":"https:\/\/vegetalbioplant.com\/blog\/fr\/mitical-haze-graines-a-autofloraison-exterieur-interieur\/","title":{"rendered":"MITICAL HAZE &#8211; GRAINES \u00c0 AUTOFLORAISON EXT\u00c9RIEUR INT\u00c9RIEUR"},"content":{"rendered":"<h2><img decoding=\"async\" loading=\"lazy\" class=\"alignnone size-full wp-image-10666\" src=\"https:\/\/vegetalbioplant.com\/blog\/wp-content\/uploads\/2022\/03\/mitical-haze-graine-autofloraison-dexterieur.jpg\" alt=\"mitical haze graine autofloraison d'ext\u00e9rieur\" width=\"1000\" height=\"1119\" srcset=\"https:\/\/vegetalbioplant.com\/blog\/wp-content\/uploads\/2022\/03\/mitical-haze-graine-autofloraison-dexterieur.jpg 1000w, https:\/\/vegetalbioplant.com\/blog\/wp-content\/uploads\/2022\/03\/mitical-haze-graine-autofloraison-dexterieur-268x300.jpg 268w, https:\/\/vegetalbioplant.com\/blog\/wp-content\/uploads\/2022\/03\/mitical-haze-graine-autofloraison-dexterieur-915x1024.jpg 915w, https:\/\/vegetalbioplant.com\/blog\/wp-content\/uploads\/2022\/03\/mitical-haze-graine-autofloraison-dexterieur-768x859.jpg 768w, https:\/\/vegetalbioplant.com\/blog\/wp-content\/uploads\/2022\/03\/mitical-haze-graine-autofloraison-dexterieur-610x683.jpg 610w, https:\/\/vegetalbioplant.com\/blog\/wp-content\/uploads\/2022\/03\/mitical-haze-graine-autofloraison-dexterieur-150x168.jpg 150w\" sizes=\"(max-width: 1000px) 100vw, 1000px\" \/><\/h2>\n<h2>GRAINES \u00c0 AUTOFLORAISON CANNABIS D&#8217;EXT\u00c9RIEUR ET D&#8217;INT\u00c9RIEUR<\/h2>\n<p>Mitical Haze est une <strong>graine \u00e0 autofloraison pour l&#8217;ext\u00e9rieur et l&#8217;int\u00e9rieur, avec une croissance rapide et une grande production<\/strong>. Il est r\u00e9sistant aux parasites et aux champignons car il se d\u00e9veloppe tr\u00e8s rapidement.<\/p>\n<ul>\n<li>Autofloraison f\u00e9minis\u00e9e.<\/li>\n<li>Teneur en THC entre 10 et 15 %.<\/li>\n<li>Dominance sativa.<\/li>\n<li>Terp\u00e8nes terreux et encens.<\/li>\n<li>Hauteur entre 1 m\u00e8tre et 1,5 m\u00e8tre.<\/li>\n<li>Effet puissant et senteurs intenses.<\/li>\n<li>Saveur douce et d&#8217;encens.<\/li>\n<\/ul>\n<h3>\nCULTIVER DES GRAINES \u00c0 AUTOFLORAISON EN EXT\u00c9RIEUR EN INT\u00c9RIEUR<\/h3>\n<p>C&#8217;est l&#8217;une des <strong>graines \u00e0 autofloraison<\/strong> les plus productives qui existent. Elle se caract\u00e9rise par de nombreuses branches et des entre-n\u0153uds tr\u00e8s courts, ce qui signifie que les bourgeons poussent \u00e0 une vitesse incroyable.<\/p>\n<p>Il est valable pour la culture en ext\u00e9rieur et en int\u00e9rieur. \u00c0 l&#8217;ext\u00e9rieur, vous pouvez exprimer tout votre potentiel.<\/p>\n<p><img decoding=\"async\" loading=\"lazy\" class=\"alignnone size-full wp-image-10665\" src=\"https:\/\/vegetalbioplant.com\/blog\/wp-content\/uploads\/2022\/03\/graine-autofloraison-dexterieur.jpg\" alt=\"graine autofloraison d'ext\u00e9rieur\" width=\"1080\" height=\"864\" srcset=\"https:\/\/vegetalbioplant.com\/blog\/wp-content\/uploads\/2022\/03\/graine-autofloraison-dexterieur.jpg 1080w, https:\/\/vegetalbioplant.com\/blog\/wp-content\/uploads\/2022\/03\/graine-autofloraison-dexterieur-300x240.jpg 300w, https:\/\/vegetalbioplant.com\/blog\/wp-content\/uploads\/2022\/03\/graine-autofloraison-dexterieur-1024x819.jpg 1024w, https:\/\/vegetalbioplant.com\/blog\/wp-content\/uploads\/2022\/03\/graine-autofloraison-dexterieur-768x614.jpg 768w, https:\/\/vegetalbioplant.com\/blog\/wp-content\/uploads\/2022\/03\/graine-autofloraison-dexterieur-610x488.jpg 610w, https:\/\/vegetalbioplant.com\/blog\/wp-content\/uploads\/2022\/03\/graine-autofloraison-dexterieur-150x120.jpg 150w\" sizes=\"(max-width: 1080px) 100vw, 1080px\" \/><\/p>\n<h3>CULTIVER DES GRAINES \u00c0 AUTOFLORAISON MITICAL HAZE EN EXT\u00c9RIEUR<\/h3>\n<p>Cette <strong>graine d&#8217;ext\u00e9rieur Mitical Haze \u00e0 autofloraison<\/strong> est une option fortement recommand\u00e9e car elle pousse jusqu&#8217;\u00e0 1,5 m et d\u00e9veloppe de gros bourgeons. Si elle est plant\u00e9e dans un grand pot ou un sol solide, sa taille vous fera douter s&#8217;il s&#8217;agit d&#8217;une autofloraison ou non.<\/p>\n<p>La phase de croissance est courte, elle est g\u00e9n\u00e9ralement d&#8217;environ 21 jours, puis ce sera 2 mois de floraison. Pouvoir r\u00e9colter environ 200g de poids sec par plante. Quelque chose de pas tr\u00e8s normal en autofloraison. Ce sont des <strong>bourgeons volumineux<\/strong> mais pas tr\u00e8s compacts, c&#8217;est-\u00e0-dire s&#8217;ils ont beaucoup de r\u00e9sine, ce qui leur donne beaucoup de cat\u00e9gorie. Vous pourrez avoir de <a href=\"https:\/\/vegetalbioplant.com\/blog\/fr\/super-bud-pour-votre-plante-de-marijuana\/\"><strong>meilleurs bourgeons avec notre agent d&#8217;engraissement biologique<\/strong><\/a>, qualit\u00e9 garantie.<\/p>\n<p>La r\u00e9colte en ext\u00e9rieur est g\u00e9n\u00e9ralement pr\u00eate environ 95 jours apr\u00e8s la germination.<\/p>\n<p>En raison de leur croissance rapide, les parasites et les champignons ne peuvent pas se d\u00e9velopper, ils sont donc tr\u00e8s r\u00e9sistants.<\/p>\n<h3>CULTIVER MITICAL HAZE EN INT\u00c9RIEUR<\/h3>\n<p>Cette <strong>graine autofloraison en int\u00e9rieur<\/strong>, il faut commencer avec beaucoup de lumi\u00e8re, entre 18 et 20 heures de lumi\u00e8re pour la phase de croissance et seulement 4 \u00e0 6 heures d&#8217;obscurit\u00e9. De cette fa\u00e7on, nous veillerons \u00e0 ce que la plante se d\u00e9veloppe \u00e0 sa splendeur maximale.<\/p>\n<p>La dur\u00e9e de la germination \u00e0 la floraison est g\u00e9n\u00e9ralement de 12 semaines.<\/p>\n<p>Attention \u00e0 ne pas planter dans de grands pots \u00e0 l&#8217;int\u00e9rieur, car la plante pousse beaucoup et on risque d&#8217;avoir des probl\u00e8mes d&#8217;espace. Jardini\u00e8res d&#8217;int\u00e9rieur de 5 \u00e0 10 litres maximum.<\/p>\n<p>Nous pouvons obtenir une bonne r\u00e9colte d&#8217;environ 600 grammes secs de bourgeons d&#8217;encens, en seulement trois mois.<\/p>\n<a href='https:\/\/vegetalbioplant.com\/fr\/genetique\/83-mitical-haze-autofloraison.html' class='big-button biggreen'>+ INFO<\/a>\n<span class=\"et_bloom_bottom_trigger\"><\/span>","protected":false},"excerpt":{"rendered":"<p>GRAINES \u00c0 AUTOFLORAISON CANNABIS D&#8217;EXT\u00c9RIEUR ET D&#8217;INT\u00c9RIEUR Mitical Haze est une graine \u00e0 autofloraison pour l&#8217;ext\u00e9rieur et l&#8217;int\u00e9rieur, avec une croissance rapide et une grande production. Il est r\u00e9sistant aux parasites et aux champignons car il se d\u00e9veloppe tr\u00e8s rapidement. Autofloraison f\u00e9minis\u00e9e. Teneur en THC entre 10 et 15 %. Dominance sativa. Terp\u00e8nes terreux et [&hellip;]<\/p>\n","protected":false},"author":14,"featured_media":10245,"parent":0,"menu_order":0,"comment_status":"closed","ping_status":"closed","template":"","meta":{"_et_pb_use_builder":"","_et_pb_old_content":"","_et_gb_content_width":""},"yoast_head":"<!-- This site is optimized with the Yoast SEO plugin v20.9 - https:\/\/yoast.com\/wordpress\/plugins\/seo\/ -->\n<title>MITICAL HAZE - GRAINES \u00c0 AUTOFLORAISON EXT\u00c9RIEUR INT\u00c9RIEU<\/title>\n<meta name=\"description\" content=\"Graines autofloraison d&#039;int\u00e9rieur et d&#039;ext\u00e9rieur. Dominance sativa. Il a une croissance rapide, avec une grande production de bourgeons. tr\u00e8s r\u00e9sistant\" \/>\n<meta name=\"robots\" content=\"index, follow, max-snippet:-1, max-image-preview:large, max-video-preview:-1\" \/>\n<link rel=\"canonical\" href=\"https:\/\/vegetalbioplant.com\/blog\/fr\/mitical-haze-graines-a-autofloraison-exterieur-interieur\/\" \/>\n<meta property=\"og:locale\" content=\"es_ES\" \/>\n<meta property=\"og:type\" content=\"article\" \/>\n<meta property=\"og:title\" content=\"MITICAL HAZE - GRAINES \u00c0 AUTOFLORAISON EXT\u00c9RIEUR INT\u00c9RIEU\" \/>\n<meta property=\"og:description\" content=\"Graines autofloraison d&#039;int\u00e9rieur et d&#039;ext\u00e9rieur. Dominance sativa. Il a une croissance rapide, avec une grande production de bourgeons. tr\u00e8s r\u00e9sistant\" \/>\n<meta property=\"og:url\" content=\"https:\/\/vegetalbioplant.com\/blog\/fr\/mitical-haze-graines-a-autofloraison-exterieur-interieur\/\" \/>\n<meta property=\"og:site_name\" content=\"Blog de Madame Grow\" \/>\n<meta property=\"article:publisher\" content=\"https:\/\/www.facebook.com\/madamegroweu\/\" \/>\n<meta property=\"og:image\" content=\"https:\/\/vegetalbioplant.com\/blog\/wp-content\/uploads\/2022\/03\/banco-de-semillas-de-marihuana.jpg\" \/>\n\t<meta property=\"og:image:width\" content=\"749\" \/>\n\t<meta property=\"og:image:height\" content=\"758\" \/>\n\t<meta property=\"og:image:type\" content=\"image\/jpeg\" \/>\n<meta name=\"twitter:card\" content=\"summary_large_image\" \/>\n<meta name=\"twitter:site\" content=\"@madamegroweu\" \/>\n<meta name=\"twitter:label1\" content=\"Tiempo de lectura\" \/>\n\t<meta name=\"twitter:data1\" content=\"3 minutos\" \/>\n<script type=\"application\/ld+json\" class=\"yoast-schema-graph\">{\"@context\":\"https:\/\/schema.org\",\"@graph\":[{\"@type\":\"WebPage\",\"@id\":\"https:\/\/vegetalbioplant.com\/blog\/fr\/mitical-haze-graines-a-autofloraison-exterieur-interieur\/\",\"url\":\"https:\/\/vegetalbioplant.com\/blog\/fr\/mitical-haze-graines-a-autofloraison-exterieur-interieur\/\",\"name\":\"MITICAL HAZE - GRAINES \u00c0 AUTOFLORAISON EXT\u00c9RIEUR INT\u00c9RIEU\",\"isPartOf\":{\"@id\":\"https:\/\/vegetalbioplant.com\/blog\/#website\"},\"datePublished\":\"2022-03-14T16:51:54+00:00\",\"dateModified\":\"2022-03-14T16:51:54+00:00\",\"description\":\"Graines autofloraison d'int\u00e9rieur et d'ext\u00e9rieur. Dominance sativa. Il a une croissance rapide, avec une grande production de bourgeons. tr\u00e8s r\u00e9sistant\",\"breadcrumb\":{\"@id\":\"https:\/\/vegetalbioplant.com\/blog\/fr\/mitical-haze-graines-a-autofloraison-exterieur-interieur\/#breadcrumb\"},\"inLanguage\":\"es\",\"potentialAction\":[{\"@type\":\"ReadAction\",\"target\":[\"https:\/\/vegetalbioplant.com\/blog\/fr\/mitical-haze-graines-a-autofloraison-exterieur-interieur\/\"]}]},{\"@type\":\"BreadcrumbList\",\"@id\":\"https:\/\/vegetalbioplant.com\/blog\/fr\/mitical-haze-graines-a-autofloraison-exterieur-interieur\/#breadcrumb\",\"itemListElement\":[{\"@type\":\"ListItem\",\"position\":1,\"name\":\"Portada\",\"item\":\"https:\/\/vegetalbioplant.com\/blog\/es\/\"},{\"@type\":\"ListItem\",\"position\":2,\"name\":\"MITICAL HAZE &#8211; GRAINES \u00c0 AUTOFLORAISON EXT\u00c9RIEUR INT\u00c9RIEUR\"}]},{\"@type\":\"WebSite\",\"@id\":\"https:\/\/vegetalbioplant.com\/blog\/#website\",\"url\":\"https:\/\/vegetalbioplant.com\/blog\/\",\"name\":\"Blog de Madame Grow\",\"description\":\"El mejor contenido para los amantes de las plantas\",\"publisher\":{\"@id\":\"https:\/\/vegetalbioplant.com\/blog\/#organization\"},\"potentialAction\":[{\"@type\":\"SearchAction\",\"target\":{\"@type\":\"EntryPoint\",\"urlTemplate\":\"https:\/\/vegetalbioplant.com\/blog\/?s={search_term_string}\"},\"query-input\":\"required name=search_term_string\"}],\"inLanguage\":\"es\"},{\"@type\":\"Organization\",\"@id\":\"https:\/\/vegetalbioplant.com\/blog\/#organization\",\"name\":\"Madame Grow\",\"url\":\"https:\/\/vegetalbioplant.com\/blog\/\",\"logo\":{\"@type\":\"ImageObject\",\"inLanguage\":\"es\",\"@id\":\"https:\/\/vegetalbioplant.com\/blog\/#\/schema\/logo\/image\/\",\"url\":\"https:\/\/vegetalbioplant.com\/blog\/wp-content\/uploads\/2021\/04\/LOGO-MANCHA-1.png\",\"contentUrl\":\"https:\/\/vegetalbioplant.com\/blog\/wp-content\/uploads\/2021\/04\/LOGO-MANCHA-1.png\",\"width\":899,\"height\":294,\"caption\":\"Madame Grow\"},\"image\":{\"@id\":\"https:\/\/vegetalbioplant.com\/blog\/#\/schema\/logo\/image\/\"},\"sameAs\":[\"https:\/\/www.facebook.com\/madamegroweu\/\",\"https:\/\/twitter.com\/madamegroweu\",\"https:\/\/www.instagram.com\/madamegroweu\/?hl=es\"]}]}<\/script>\n<!-- \/ Yoast SEO plugin. -->","yoast_head_json":{"title":"MITICAL HAZE - GRAINES \u00c0 AUTOFLORAISON EXT\u00c9RIEUR INT\u00c9RIEU","description":"Graines autofloraison d'int\u00e9rieur et d'ext\u00e9rieur. Dominance sativa. Il a une croissance rapide, avec une grande production de bourgeons. tr\u00e8s r\u00e9sistant","robots":{"index":"index","follow":"follow","max-snippet":"max-snippet:-1","max-image-preview":"max-image-preview:large","max-video-preview":"max-video-preview:-1"},"canonical":"https:\/\/vegetalbioplant.com\/blog\/fr\/mitical-haze-graines-a-autofloraison-exterieur-interieur\/","og_locale":"es_ES","og_type":"article","og_title":"MITICAL HAZE - GRAINES \u00c0 AUTOFLORAISON EXT\u00c9RIEUR INT\u00c9RIEU","og_description":"Graines autofloraison d'int\u00e9rieur et d'ext\u00e9rieur. Dominance sativa. Il a une croissance rapide, avec une grande production de bourgeons. tr\u00e8s r\u00e9sistant","og_url":"https:\/\/vegetalbioplant.com\/blog\/fr\/mitical-haze-graines-a-autofloraison-exterieur-interieur\/","og_site_name":"Blog de Madame Grow","article_publisher":"https:\/\/www.facebook.com\/madamegroweu\/","og_image":[{"width":749,"height":758,"url":"https:\/\/vegetalbioplant.com\/blog\/wp-content\/uploads\/2022\/03\/banco-de-semillas-de-marihuana.jpg","type":"image\/jpeg"}],"twitter_card":"summary_large_image","twitter_site":"@madamegroweu","twitter_misc":{"Tiempo de lectura":"3 minutos"},"schema":{"@context":"https:\/\/schema.org","@graph":[{"@type":"WebPage","@id":"https:\/\/vegetalbioplant.com\/blog\/fr\/mitical-haze-graines-a-autofloraison-exterieur-interieur\/","url":"https:\/\/vegetalbioplant.com\/blog\/fr\/mitical-haze-graines-a-autofloraison-exterieur-interieur\/","name":"MITICAL HAZE - GRAINES \u00c0 AUTOFLORAISON EXT\u00c9RIEUR INT\u00c9RIEU","isPartOf":{"@id":"https:\/\/vegetalbioplant.com\/blog\/#website"},"datePublished":"2022-03-14T16:51:54+00:00","dateModified":"2022-03-14T16:51:54+00:00","description":"Graines autofloraison d'int\u00e9rieur et d'ext\u00e9rieur. Dominance sativa. Il a une croissance rapide, avec une grande production de bourgeons. tr\u00e8s r\u00e9sistant","breadcrumb":{"@id":"https:\/\/vegetalbioplant.com\/blog\/fr\/mitical-haze-graines-a-autofloraison-exterieur-interieur\/#breadcrumb"},"inLanguage":"es","potentialAction":[{"@type":"ReadAction","target":["https:\/\/vegetalbioplant.com\/blog\/fr\/mitical-haze-graines-a-autofloraison-exterieur-interieur\/"]}]},{"@type":"BreadcrumbList","@id":"https:\/\/vegetalbioplant.com\/blog\/fr\/mitical-haze-graines-a-autofloraison-exterieur-interieur\/#breadcrumb","itemListElement":[{"@type":"ListItem","position":1,"name":"Portada","item":"https:\/\/vegetalbioplant.com\/blog\/es\/"},{"@type":"ListItem","position":2,"name":"MITICAL HAZE &#8211; GRAINES \u00c0 AUTOFLORAISON EXT\u00c9RIEUR INT\u00c9RIEUR"}]},{"@type":"WebSite","@id":"https:\/\/vegetalbioplant.com\/blog\/#website","url":"https:\/\/vegetalbioplant.com\/blog\/","name":"Blog de Madame Grow","description":"El mejor contenido para los amantes de las plantas","publisher":{"@id":"https:\/\/vegetalbioplant.com\/blog\/#organization"},"potentialAction":[{"@type":"SearchAction","target":{"@type":"EntryPoint","urlTemplate":"https:\/\/vegetalbioplant.com\/blog\/?s={search_term_string}"},"query-input":"required name=search_term_string"}],"inLanguage":"es"},{"@type":"Organization","@id":"https:\/\/vegetalbioplant.com\/blog\/#organization","name":"Madame Grow","url":"https:\/\/vegetalbioplant.com\/blog\/","logo":{"@type":"ImageObject","inLanguage":"es","@id":"https:\/\/vegetalbioplant.com\/blog\/#\/schema\/logo\/image\/","url":"https:\/\/vegetalbioplant.com\/blog\/wp-content\/uploads\/2021\/04\/LOGO-MANCHA-1.png","contentUrl":"https:\/\/vegetalbioplant.com\/blog\/wp-content\/uploads\/2021\/04\/LOGO-MANCHA-1.png","width":899,"height":294,"caption":"Madame Grow"},"image":{"@id":"https:\/\/vegetalbioplant.com\/blog\/#\/schema\/logo\/image\/"},"sameAs":["https:\/\/www.facebook.com\/madamegroweu\/","https:\/\/twitter.com\/madamegroweu","https:\/\/www.instagram.com\/madamegroweu\/?hl=es"]}]}},"_links":{"self":[{"href":"https:\/\/vegetalbioplant.com\/blog\/wp-json\/wp\/v2\/pages\/10664"}],"collection":[{"href":"https:\/\/vegetalbioplant.com\/blog\/wp-json\/wp\/v2\/pages"}],"about":[{"href":"https:\/\/vegetalbioplant.com\/blog\/wp-json\/wp\/v2\/types\/page"}],"author":[{"embeddable":true,"href":"https:\/\/vegetalbioplant.com\/blog\/wp-json\/wp\/v2\/users\/14"}],"replies":[{"embeddable":true,"href":"https:\/\/vegetalbioplant.com\/blog\/wp-json\/wp\/v2\/comments?post=10664"}],"version-history":[{"count":1,"href":"https:\/\/vegetalbioplant.com\/blog\/wp-json\/wp\/v2\/pages\/10664\/revisions"}],"predecessor-version":[{"id":10667,"href":"https:\/\/vegetalbioplant.com\/blog\/wp-json\/wp\/v2\/pages\/10664\/revisions\/10667"}],"wp:featuredmedia":[{"embeddable":true,"href":"https:\/\/vegetalbioplant.com\/blog\/wp-json\/wp\/v2\/media\/10245"}],"wp:attachment":[{"href":"https:\/\/vegetalbioplant.com\/blog\/wp-json\/wp\/v2\/media?parent=10664"}],"curies":[{"name":"wp","href":"https:\/\/api.w.org\/{rel}","templated":true}]}}