{"id":10296,"date":"2022-03-10T09:34:35","date_gmt":"2022-03-10T09:34:35","guid":{"rendered":"https:\/\/vegetalbioplant.com\/blog\/?page_id=10296"},"modified":"2022-03-16T09:18:30","modified_gmt":"2022-03-16T09:18:30","slug":"lemon-crazy-graines-de-marijuana-feminisees","status":"publish","type":"page","link":"https:\/\/vegetalbioplant.com\/blog\/fr\/lemon-crazy-graines-de-marijuana-feminisees\/","title":{"rendered":"LEMON CRAZY &#8211; GRAINES DE MARIJUANA F\u00c9MINIS\u00c9ES"},"content":{"rendered":"<h2><img decoding=\"async\" loading=\"lazy\" class=\"alignnone size-full wp-image-10302\" src=\"https:\/\/vegetalbioplant.com\/blog\/wp-content\/uploads\/2022\/03\/graines-de-MARIJUANA-feminisees-au-citron.jpg\" alt=\"graines de MARIJUANA f\u00e9minis\u00e9es au citron\" width=\"1000\" height=\"1119\" srcset=\"https:\/\/vegetalbioplant.com\/blog\/wp-content\/uploads\/2022\/03\/graines-de-MARIJUANA-feminisees-au-citron.jpg 1000w, https:\/\/vegetalbioplant.com\/blog\/wp-content\/uploads\/2022\/03\/graines-de-MARIJUANA-feminisees-au-citron-268x300.jpg 268w, https:\/\/vegetalbioplant.com\/blog\/wp-content\/uploads\/2022\/03\/graines-de-MARIJUANA-feminisees-au-citron-915x1024.jpg 915w, https:\/\/vegetalbioplant.com\/blog\/wp-content\/uploads\/2022\/03\/graines-de-MARIJUANA-feminisees-au-citron-768x859.jpg 768w, https:\/\/vegetalbioplant.com\/blog\/wp-content\/uploads\/2022\/03\/graines-de-MARIJUANA-feminisees-au-citron-610x683.jpg 610w, https:\/\/vegetalbioplant.com\/blog\/wp-content\/uploads\/2022\/03\/graines-de-MARIJUANA-feminisees-au-citron-150x168.jpg 150w\" sizes=\"(max-width: 1000px) 100vw, 1000px\" \/><\/h2>\n<h2>GRAINES DE MARIJUANA F\u00c9MINIS\u00c9ES AVEC THC<\/h2>\n<p><strong>Graine de cannabis f\u00e9minis\u00e9e \u00e0 pr\u00e9dominance sativa<\/strong>, facile \u00e0 cultiver. Il a des effets relaxants avec une touche euphorique au d\u00e9but. Il est connu pour sa d\u00e9licieuse saveur de citron et ses ar\u00f4mes d&#8217;agrumes. Il se distingue \u00e9galement par sa grande production.<\/p>\n<p>De la famille Haze, cet hybride f\u00e9minis\u00e9 vous surprendra en produisant des bourgeons charg\u00e9s de r\u00e9sine et de grande saveur.<\/p>\n<ul>\n<li>Autofloraison f\u00e9minis\u00e9e.<\/li>\n<li>Graine f\u00e9minis\u00e9e tr\u00e8s productive<\/li>\n<li>Production jusqu&#8217;\u00e0 600 grammes par m2 \u00e0 l&#8217;int\u00e9rieur.<\/li>\n<li>Floraison de 75 \u00e0 85 jours.<\/li>\n<li>Hauteur jusqu&#8217;\u00e0 1,60 m\u00e8tres en ext\u00e9rieur.<\/li>\n<li>Concentration de THC 12-18 %.<\/li>\n<\/ul>\n<h3>CULTIVER DES GRAINES DE MARIJUANA F\u00c9MINIS\u00c9ES LEMON CRAZY<\/h3>\n<p>Avec cette <strong><a href=\"https:\/\/vegetalbioplant.com\/fr\/genetique\/79-citron-crazy-feminisee.html\">graine de cannabis f\u00e9minis\u00e9e<\/a><\/strong>, les plantes seront de taille moyenne, avec une structure ramifi\u00e9e et un gros bourgeon central, tr\u00e8s r\u00e9sistantes et \u00e0 croissance rapide. Physiquement, elle a des caract\u00e9ristiques \u00e0 la fois indica et sativa.<\/p>\n<p><img decoding=\"async\" loading=\"lazy\" class=\"alignnone size-full wp-image-10299\" src=\"https:\/\/vegetalbioplant.com\/blog\/wp-content\/uploads\/2022\/03\/proprietes-des-graines-de-cannabis-feminisees.jpg\" alt=\"proprietes-des-graines-de-cannabis-feminisees\" width=\"1080\" height=\"864\" srcset=\"https:\/\/vegetalbioplant.com\/blog\/wp-content\/uploads\/2022\/03\/proprietes-des-graines-de-cannabis-feminisees.jpg 1080w, https:\/\/vegetalbioplant.com\/blog\/wp-content\/uploads\/2022\/03\/proprietes-des-graines-de-cannabis-feminisees-300x240.jpg 300w, https:\/\/vegetalbioplant.com\/blog\/wp-content\/uploads\/2022\/03\/proprietes-des-graines-de-cannabis-feminisees-1024x819.jpg 1024w, https:\/\/vegetalbioplant.com\/blog\/wp-content\/uploads\/2022\/03\/proprietes-des-graines-de-cannabis-feminisees-768x614.jpg 768w, https:\/\/vegetalbioplant.com\/blog\/wp-content\/uploads\/2022\/03\/proprietes-des-graines-de-cannabis-feminisees-610x488.jpg 610w, https:\/\/vegetalbioplant.com\/blog\/wp-content\/uploads\/2022\/03\/proprietes-des-graines-de-cannabis-feminisees-150x120.jpg 150w\" sizes=\"(max-width: 1080px) 100vw, 1080px\" \/><\/p>\n<h3>CULTIVER DES GRAINES DE CANNABIS LEMON CRAZY EN EXT\u00c9RIEUR<\/h3>\n<p>Pour cultiver en ext\u00e9rieur, cette graine de cannabis f\u00e9minis\u00e9e est fortement recommand\u00e9e pour les cultivateurs d\u00e9butants, car elle est tout terrain. Il r\u00e9siste bien aux climats d\u00e9favorables et aux ravageurs. Il faut \u00eatre plus prudent avec les champignons. \u00c9vitez les pluies d&#8217;automne pour r\u00e9colter une bonne r\u00e9colte sans humidit\u00e9. R\u00e9coltez la r\u00e9colte d\u00e9but octobre.<\/p>\n<p>Lemon crazy peut atteindre une hauteur de 2 m\u00e8tres en ext\u00e9rieur et une r\u00e9colte approximative entre 700 et 900 grammes par plante. A condition de planter dans un grand pot ou sur un sol solide. Accompagn\u00e9 comme toujours d&#8217;un bon substrat et des <strong><a href=\"https:\/\/vegetalbioplant.com\/blog\/fr\/engrais-organiques-en-poudre\/\">meilleurs engrais organiques en poudre<\/a><\/strong> de Madame Grow.<\/p>\n<h3>CULTIVER DES GRAINES DE MARIJUANA F\u00c9MINIS\u00c9ES EN INT\u00c9RIEUR<\/h3>\n<p>Pour cultiver cette graine de cannabis en int\u00e9rieur, Lemon crazy est une plante compacte, qui ne sera pas tr\u00e8s haute, donc nous n&#8217;aurons pas de probl\u00e8mes d&#8217;espace ou de hauteur avec des spots.<\/p>\n<p>Le temps pour r\u00e9colter la r\u00e9colte est court, il peut varier entre 50 et 60 jours \u00e0 partir du moment o\u00f9 nous la faisons germer. La production que nous pouvons atteindre est tr\u00e8s g\u00e9n\u00e9reuse, \u00e9tant une plante tr\u00e8s productive, nous pouvons atteindre 600 grammes par m2.<\/p>\n<a href='https:\/\/vegetalbioplant.com\/fr\/genetique\/79-citron-crazy-feminisee.html' class='big-button biggreen'>+ INFO<\/a>\n<span class=\"et_bloom_bottom_trigger\"><\/span>","protected":false},"excerpt":{"rendered":"<p>GRAINES DE MARIJUANA F\u00c9MINIS\u00c9ES AVEC THC Graine de cannabis f\u00e9minis\u00e9e \u00e0 pr\u00e9dominance sativa, facile \u00e0 cultiver. Il a des effets relaxants avec une touche euphorique au d\u00e9but. Il est connu pour sa d\u00e9licieuse saveur de citron et ses ar\u00f4mes d&#8217;agrumes. Il se distingue \u00e9galement par sa grande production. De la famille Haze, cet hybride f\u00e9minis\u00e9 [&hellip;]<\/p>\n","protected":false},"author":14,"featured_media":10245,"parent":0,"menu_order":0,"comment_status":"closed","ping_status":"closed","template":"","meta":{"_et_pb_use_builder":"","_et_pb_old_content":"","_et_gb_content_width":""},"yoast_head":"<!-- This site is optimized with the Yoast SEO plugin v20.9 - https:\/\/yoast.com\/wordpress\/plugins\/seo\/ -->\n<title>LEMON CRAZY - GRAINES DE MARIJUANA F\u00c9MINIS\u00c9ES<\/title>\n<meta name=\"description\" content=\"Graines de marijuana f\u00e9minis\u00e9es Lemon Crazy, elles proviennent de la famille Haze avec des touches d&#039;agrumes et une pr\u00e9dominance sativa. Effet euphorique.\" \/>\n<meta name=\"robots\" content=\"index, follow, max-snippet:-1, max-image-preview:large, max-video-preview:-1\" \/>\n<link rel=\"canonical\" href=\"https:\/\/vegetalbioplant.com\/blog\/fr\/lemon-crazy-graines-de-marijuana-feminisees\/\" \/>\n<meta property=\"og:locale\" content=\"es_ES\" \/>\n<meta property=\"og:type\" content=\"article\" \/>\n<meta property=\"og:title\" content=\"LEMON CRAZY - GRAINES DE MARIJUANA F\u00c9MINIS\u00c9ES\" \/>\n<meta property=\"og:description\" content=\"Graines de marijuana f\u00e9minis\u00e9es Lemon Crazy, elles proviennent de la famille Haze avec des touches d&#039;agrumes et une pr\u00e9dominance sativa. Effet euphorique.\" \/>\n<meta property=\"og:url\" content=\"https:\/\/vegetalbioplant.com\/blog\/fr\/lemon-crazy-graines-de-marijuana-feminisees\/\" \/>\n<meta property=\"og:site_name\" content=\"Blog de Madame Grow\" \/>\n<meta property=\"article:publisher\" content=\"https:\/\/www.facebook.com\/madamegroweu\/\" \/>\n<meta property=\"article:modified_time\" content=\"2022-03-16T09:18:30+00:00\" \/>\n<meta property=\"og:image\" content=\"https:\/\/vegetalbioplant.com\/blog\/wp-content\/uploads\/2022\/03\/banco-de-semillas-de-marihuana.jpg\" \/>\n\t<meta property=\"og:image:width\" content=\"749\" \/>\n\t<meta property=\"og:image:height\" content=\"758\" \/>\n\t<meta property=\"og:image:type\" content=\"image\/jpeg\" \/>\n<meta name=\"twitter:card\" content=\"summary_large_image\" \/>\n<meta name=\"twitter:site\" content=\"@madamegroweu\" \/>\n<meta name=\"twitter:label1\" content=\"Tiempo de lectura\" \/>\n\t<meta name=\"twitter:data1\" content=\"3 minutos\" \/>\n<script type=\"application\/ld+json\" class=\"yoast-schema-graph\">{\"@context\":\"https:\/\/schema.org\",\"@graph\":[{\"@type\":\"WebPage\",\"@id\":\"https:\/\/vegetalbioplant.com\/blog\/fr\/lemon-crazy-graines-de-marijuana-feminisees\/\",\"url\":\"https:\/\/vegetalbioplant.com\/blog\/fr\/lemon-crazy-graines-de-marijuana-feminisees\/\",\"name\":\"LEMON CRAZY - GRAINES DE MARIJUANA F\u00c9MINIS\u00c9ES\",\"isPartOf\":{\"@id\":\"https:\/\/vegetalbioplant.com\/blog\/#website\"},\"datePublished\":\"2022-03-10T09:34:35+00:00\",\"dateModified\":\"2022-03-16T09:18:30+00:00\",\"description\":\"Graines de marijuana f\u00e9minis\u00e9es Lemon Crazy, elles proviennent de la famille Haze avec des touches d'agrumes et une pr\u00e9dominance sativa. Effet euphorique.\",\"breadcrumb\":{\"@id\":\"https:\/\/vegetalbioplant.com\/blog\/fr\/lemon-crazy-graines-de-marijuana-feminisees\/#breadcrumb\"},\"inLanguage\":\"es\",\"potentialAction\":[{\"@type\":\"ReadAction\",\"target\":[\"https:\/\/vegetalbioplant.com\/blog\/fr\/lemon-crazy-graines-de-marijuana-feminisees\/\"]}]},{\"@type\":\"BreadcrumbList\",\"@id\":\"https:\/\/vegetalbioplant.com\/blog\/fr\/lemon-crazy-graines-de-marijuana-feminisees\/#breadcrumb\",\"itemListElement\":[{\"@type\":\"ListItem\",\"position\":1,\"name\":\"Portada\",\"item\":\"https:\/\/vegetalbioplant.com\/blog\/es\/\"},{\"@type\":\"ListItem\",\"position\":2,\"name\":\"LEMON CRAZY &#8211; GRAINES DE MARIJUANA F\u00c9MINIS\u00c9ES\"}]},{\"@type\":\"WebSite\",\"@id\":\"https:\/\/vegetalbioplant.com\/blog\/#website\",\"url\":\"https:\/\/vegetalbioplant.com\/blog\/\",\"name\":\"Blog de Madame Grow\",\"description\":\"El mejor contenido para los amantes de las plantas\",\"publisher\":{\"@id\":\"https:\/\/vegetalbioplant.com\/blog\/#organization\"},\"potentialAction\":[{\"@type\":\"SearchAction\",\"target\":{\"@type\":\"EntryPoint\",\"urlTemplate\":\"https:\/\/vegetalbioplant.com\/blog\/?s={search_term_string}\"},\"query-input\":\"required name=search_term_string\"}],\"inLanguage\":\"es\"},{\"@type\":\"Organization\",\"@id\":\"https:\/\/vegetalbioplant.com\/blog\/#organization\",\"name\":\"Madame Grow\",\"url\":\"https:\/\/vegetalbioplant.com\/blog\/\",\"logo\":{\"@type\":\"ImageObject\",\"inLanguage\":\"es\",\"@id\":\"https:\/\/vegetalbioplant.com\/blog\/#\/schema\/logo\/image\/\",\"url\":\"https:\/\/vegetalbioplant.com\/blog\/wp-content\/uploads\/2021\/04\/LOGO-MANCHA-1.png\",\"contentUrl\":\"https:\/\/vegetalbioplant.com\/blog\/wp-content\/uploads\/2021\/04\/LOGO-MANCHA-1.png\",\"width\":899,\"height\":294,\"caption\":\"Madame Grow\"},\"image\":{\"@id\":\"https:\/\/vegetalbioplant.com\/blog\/#\/schema\/logo\/image\/\"},\"sameAs\":[\"https:\/\/www.facebook.com\/madamegroweu\/\",\"https:\/\/twitter.com\/madamegroweu\",\"https:\/\/www.instagram.com\/madamegroweu\/?hl=es\"]}]}<\/script>\n<!-- \/ Yoast SEO plugin. -->","yoast_head_json":{"title":"LEMON CRAZY - GRAINES DE MARIJUANA F\u00c9MINIS\u00c9ES","description":"Graines de marijuana f\u00e9minis\u00e9es Lemon Crazy, elles proviennent de la famille Haze avec des touches d'agrumes et une pr\u00e9dominance sativa. Effet euphorique.","robots":{"index":"index","follow":"follow","max-snippet":"max-snippet:-1","max-image-preview":"max-image-preview:large","max-video-preview":"max-video-preview:-1"},"canonical":"https:\/\/vegetalbioplant.com\/blog\/fr\/lemon-crazy-graines-de-marijuana-feminisees\/","og_locale":"es_ES","og_type":"article","og_title":"LEMON CRAZY - GRAINES DE MARIJUANA F\u00c9MINIS\u00c9ES","og_description":"Graines de marijuana f\u00e9minis\u00e9es Lemon Crazy, elles proviennent de la famille Haze avec des touches d'agrumes et une pr\u00e9dominance sativa. Effet euphorique.","og_url":"https:\/\/vegetalbioplant.com\/blog\/fr\/lemon-crazy-graines-de-marijuana-feminisees\/","og_site_name":"Blog de Madame Grow","article_publisher":"https:\/\/www.facebook.com\/madamegroweu\/","article_modified_time":"2022-03-16T09:18:30+00:00","og_image":[{"width":749,"height":758,"url":"https:\/\/vegetalbioplant.com\/blog\/wp-content\/uploads\/2022\/03\/banco-de-semillas-de-marihuana.jpg","type":"image\/jpeg"}],"twitter_card":"summary_large_image","twitter_site":"@madamegroweu","twitter_misc":{"Tiempo de lectura":"3 minutos"},"schema":{"@context":"https:\/\/schema.org","@graph":[{"@type":"WebPage","@id":"https:\/\/vegetalbioplant.com\/blog\/fr\/lemon-crazy-graines-de-marijuana-feminisees\/","url":"https:\/\/vegetalbioplant.com\/blog\/fr\/lemon-crazy-graines-de-marijuana-feminisees\/","name":"LEMON CRAZY - GRAINES DE MARIJUANA F\u00c9MINIS\u00c9ES","isPartOf":{"@id":"https:\/\/vegetalbioplant.com\/blog\/#website"},"datePublished":"2022-03-10T09:34:35+00:00","dateModified":"2022-03-16T09:18:30+00:00","description":"Graines de marijuana f\u00e9minis\u00e9es Lemon Crazy, elles proviennent de la famille Haze avec des touches d'agrumes et une pr\u00e9dominance sativa. Effet euphorique.","breadcrumb":{"@id":"https:\/\/vegetalbioplant.com\/blog\/fr\/lemon-crazy-graines-de-marijuana-feminisees\/#breadcrumb"},"inLanguage":"es","potentialAction":[{"@type":"ReadAction","target":["https:\/\/vegetalbioplant.com\/blog\/fr\/lemon-crazy-graines-de-marijuana-feminisees\/"]}]},{"@type":"BreadcrumbList","@id":"https:\/\/vegetalbioplant.com\/blog\/fr\/lemon-crazy-graines-de-marijuana-feminisees\/#breadcrumb","itemListElement":[{"@type":"ListItem","position":1,"name":"Portada","item":"https:\/\/vegetalbioplant.com\/blog\/es\/"},{"@type":"ListItem","position":2,"name":"LEMON CRAZY &#8211; GRAINES DE MARIJUANA F\u00c9MINIS\u00c9ES"}]},{"@type":"WebSite","@id":"https:\/\/vegetalbioplant.com\/blog\/#website","url":"https:\/\/vegetalbioplant.com\/blog\/","name":"Blog de Madame Grow","description":"El mejor contenido para los amantes de las plantas","publisher":{"@id":"https:\/\/vegetalbioplant.com\/blog\/#organization"},"potentialAction":[{"@type":"SearchAction","target":{"@type":"EntryPoint","urlTemplate":"https:\/\/vegetalbioplant.com\/blog\/?s={search_term_string}"},"query-input":"required name=search_term_string"}],"inLanguage":"es"},{"@type":"Organization","@id":"https:\/\/vegetalbioplant.com\/blog\/#organization","name":"Madame Grow","url":"https:\/\/vegetalbioplant.com\/blog\/","logo":{"@type":"ImageObject","inLanguage":"es","@id":"https:\/\/vegetalbioplant.com\/blog\/#\/schema\/logo\/image\/","url":"https:\/\/vegetalbioplant.com\/blog\/wp-content\/uploads\/2021\/04\/LOGO-MANCHA-1.png","contentUrl":"https:\/\/vegetalbioplant.com\/blog\/wp-content\/uploads\/2021\/04\/LOGO-MANCHA-1.png","width":899,"height":294,"caption":"Madame Grow"},"image":{"@id":"https:\/\/vegetalbioplant.com\/blog\/#\/schema\/logo\/image\/"},"sameAs":["https:\/\/www.facebook.com\/madamegroweu\/","https:\/\/twitter.com\/madamegroweu","https:\/\/www.instagram.com\/madamegroweu\/?hl=es"]}]}},"_links":{"self":[{"href":"https:\/\/vegetalbioplant.com\/blog\/wp-json\/wp\/v2\/pages\/10296"}],"collection":[{"href":"https:\/\/vegetalbioplant.com\/blog\/wp-json\/wp\/v2\/pages"}],"about":[{"href":"https:\/\/vegetalbioplant.com\/blog\/wp-json\/wp\/v2\/types\/page"}],"author":[{"embeddable":true,"href":"https:\/\/vegetalbioplant.com\/blog\/wp-json\/wp\/v2\/users\/14"}],"replies":[{"embeddable":true,"href":"https:\/\/vegetalbioplant.com\/blog\/wp-json\/wp\/v2\/comments?post=10296"}],"version-history":[{"count":4,"href":"https:\/\/vegetalbioplant.com\/blog\/wp-json\/wp\/v2\/pages\/10296\/revisions"}],"predecessor-version":[{"id":10819,"href":"https:\/\/vegetalbioplant.com\/blog\/wp-json\/wp\/v2\/pages\/10296\/revisions\/10819"}],"wp:featuredmedia":[{"embeddable":true,"href":"https:\/\/vegetalbioplant.com\/blog\/wp-json\/wp\/v2\/media\/10245"}],"wp:attachment":[{"href":"https:\/\/vegetalbioplant.com\/blog\/wp-json\/wp\/v2\/media?parent=10296"}],"curies":[{"name":"wp","href":"https:\/\/api.w.org\/{rel}","templated":true}]}}